{"id":667,"date":"2017-10-18T13:51:46","date_gmt":"2017-10-18T13:51:46","guid":{"rendered":"http:\/\/test.overback.eu\/?page_id=667"},"modified":"2020-02-17T14:05:06","modified_gmt":"2020-02-17T14:05:06","slug":"info","status":"publish","type":"page","link":"http:\/\/www.overback.eu\/?page_id=667","title":{"rendered":"Info"},"content":{"rendered":"<p>[et_pb_section bb_built=&#8220;1&#8243; admin_label=&#8220;section&#8220; transparent_background=&#8220;off&#8220; background_color=&#8220;#000000&#8243; allow_player_pause=&#8220;off&#8220; inner_shadow=&#8220;off&#8220; parallax=&#8220;on&#8220; parallax_method=&#8220;off&#8220; padding_mobile=&#8220;off&#8220; make_fullwidth=&#8220;off&#8220; use_custom_width=&#8220;off&#8220; width_unit=&#8220;on&#8220; make_equal=&#8220;off&#8220; use_custom_gutter=&#8220;off&#8220; background_image=&#8220;\/wp-content\/themes\/di-musik\/demobilder\/Fotolia_16663884_M2.jpg&#8220; custom_padding_tablet=&#8220;50px|0|50px|0&#8243; custom_padding_last_edited=&#8220;on|desktop&#8220;][et_pb_row custom_padding=&#8220;|||&#8220; custom_padding_tablet=&#8220;|||&#8220; custom_padding_phone=&#8220;|||&#8220; background_position=&#8220;top_left&#8220; background_repeat=&#8220;repeat&#8220; background_size=&#8220;initial&#8220;][et_pb_column type=&#8220;1_4&#8243;][et_pb_blurb _builder_version=&#8220;3.0.78&#8243; use_icon=&#8220;off&#8220; url_new_window=&#8220;off&#8220; use_circle=&#8220;off&#8220; use_circle_border=&#8220;off&#8220; icon_placement=&#8220;top&#8220; use_icon_font_size=&#8220;off&#8220; background_layout=&#8220;light&#8220; border_style=&#8220;solid&#8220;]<\/p>\n<p>&nbsp;<\/p>\n<p>&nbsp;<\/p>\n<p>&nbsp;<\/p>\n<p>[\/et_pb_blurb][et_pb_blurb _builder_version=&#8220;3.0.78&#8243; use_icon=&#8220;on&#8220; font_icon=&#8220;%%265%%&#8220; url_new_window=&#8220;on&#8220; title=&#8220;Download Info&#8220; use_circle=&#8220;off&#8220; use_circle_border=&#8220;off&#8220; icon_placement=&#8220;top&#8220; use_icon_font_size=&#8220;on&#8220; background_layout=&#8220;light&#8220; border_style=&#8220;solid&#8220; icon_font_size=&#8220;35px&#8220; url=&#8220;http:\/\/overback.eu\/wp-content\/uploads\/2017\/10\/Info.pdf&#8220; header_text_color=&#8220;#5b5b5b&#8220; header_text_align=&#8220;center&#8220; \/][\/et_pb_column][et_pb_column type=&#8220;1_2&#8243;][et_pb_post_title title=&#8220;on&#8220; meta=&#8220;off&#8220; author=&#8220;on&#8220; date=&#8220;on&#8220; categories=&#8220;on&#8220; comments=&#8220;on&#8220; featured_image=&#8220;off&#8220; featured_placement=&#8220;below&#8220; parallax_effect=&#8220;on&#8220; parallax_method=&#8220;off&#8220; text_orientation=&#8220;center&#8220; text_color=&#8220;light&#8220; text_background=&#8220;off&#8220; text_bg_color=&#8220;rgba(255,255,255,0.9)&#8220; module_bg_color=&#8220;rgba(255,255,255,0)&#8220; title_all_caps=&#8220;off&#8220; use_border_color=&#8220;off&#8220; border_color=&#8220;#ffffff&#8220; border_style=&#8220;solid&#8220; title_font_size=&#8220;40px&#8220; background_color=&#8220;rgba(255,255,255,0)&#8220; parallax=&#8220;on&#8220; \/][et_pb_divider color=&#8220;#ffffff&#8220; show_divider=&#8220;on&#8220; divider_style=&#8220;solid&#8220; divider_position=&#8220;top&#8220; hide_on_mobile=&#8220;on&#8220; disabled_on=&#8220;on|on|off&#8220; \/][et_pb_text background_layout=&#8220;light&#8220; text_orientation=&#8220;center&#8220; text_font_size=&#8220;16&#8243; text_text_color=&#8220;#ffffff&#8220; border_style=&#8220;solid&#8220; background_color=&#8220;rgba(0,0,0,0.8)&#8220; _builder_version=&#8220;3.0.78&#8243; module_alignment=&#8220;center&#8220; text_line_height=&#8220;1.3em&#8220;]<\/p>\n<p>&nbsp;<\/p>\n<p><img decoding=\"async\" loading=\"lazy\" class=\"alignnone size-medium wp-image-773\" src=\"http:\/\/www.overback.eu\/wp-content\/uploads\/2017\/10\/Woodstock-300x300.jpg\" alt=\"\" width=\"300\" height=\"300\" srcset=\"http:\/\/www.overback.eu\/wp-content\/uploads\/2017\/10\/Woodstock-300x300.jpg 300w, http:\/\/www.overback.eu\/wp-content\/uploads\/2017\/10\/Woodstock-150x150.jpg 150w, http:\/\/www.overback.eu\/wp-content\/uploads\/2017\/10\/Woodstock.jpg 635w\" sizes=\"(max-width: 300px) 100vw, 300px\" \/><\/p>\n<p>Wenn Woodstock ein kulturelles Highlight f\u00fcr dich war und nicht nur ein Ort auf der Landkarte, wenn Du auf gute, handgemachte Rockmusik aus den letzten\u00a0Jahrzehnten stehst,<\/p>\n<p>wenn du Cream, Clapton, Hendrix, Bonamassa, die Black Crows oder Bad Company magst,<\/p>\n<p>wenn dich die Stimme von Beth Heart, Janis Joplin oder Christine McVie anspricht,<\/p>\n<p>dann teilst du eine musikalische Leidenschaft mit uns.<\/p>\n<p>Und: Wir m\u00f6gen es laut!<\/p>\n<p>Overback spielt den guten alten Rock, der seine Wurzeln im Blues hat. Rock, der in den Bauch, ins Herz und in die Beine geht. Warum? Weil es den f\u00fcnf gestandenen Musikern unglaublichen Spa\u00df macht, auch nach zig Jahren des aktiven Musikerlebens den Bluesrock gemeinsam zu zelebrieren &#8211; mit Dynamik und Impulsivit\u00e4t, vor allem mit Leidenschaft. Urspr\u00fcnglich, mit jener Ehrlichkeit, die erkennen l\u00e4sst, wo die Seele der Musik in uns steckt, geht Overback ans Werk &#8211; mit ausgefeilten Sounds und Gitarren-Riffs, abwechslungsreicher Song-Auswahl, mehrstimmigen Gesangspassagen sowie einem Lead-Gesang, der h\u00f6r- und erlebbar \u00fcberzeugt. Aus vielen Richtungen des Blues und Rock zieht die Band ihre Kraft, mal wild, mal sentimental. Hier paart sich langj\u00e4hrige Erfahrung mit ungehemmter Spielfreude und K\u00f6nnen. Immer zu 100 Prozent. H\u00f6rbar anders, erlebbar authentisch. Musik pur, ungeschliffen \u2013 nicht glatt geb\u00fcgelt.<\/p>\n<p>&nbsp;<\/p>\n<p>Mit dem Auftreten von Bands wie Cream, <a href=\"https:\/\/de.wikipedia.org\/wiki\/The_Who\">The Who<\/a> oder <a href=\"https:\/\/de.wikipedia.org\/wiki\/The_Jimi_Hendrix_Experience\">The Jimi Hendrix Experience<\/a> begann Mitte der 1960er Jahre eine Phase der technisch anspruchsvolleren Themen in der Rockmusik Einzug zu halten. Diese neue kreative Art der Musik wurde von vielen Gr\u00f6\u00dfen der Rock- und Bluesmusiker weitergef\u00fchrt und in dieser Tradition f\u00fchlt sich Overback zuhause.<\/p>\n<p>Die f\u00fcnf Musiker bedienen sich munter bei allen Spielarten des Rock und Blues und dr\u00fccken dabei den Songs auf erfrischende Art den eigenen Stempel auf, a million miles away von produziertem Einheitsbrei und der Musik, die sich nach Wochen wieder im Nichts verliert. Sie versuchen den Spagat zwischen \u00dcberlieferung und Moderne. Da gibt es kernigen Bluesrock ebenso zu h\u00f6ren, wie relaxten Rhythm&#8216; n&#8216; Blues, Balladen wechseln sich mit Ausfl\u00fcgen ins Soulige ab. Das Repertoire umfasst Rock-Klassiker genauso wie nicht so bekannte Kompositionen, die es wiederzuentdecken gilt und bei Kennern der Szene immer wieder Begeisterung ausl\u00f6sten.<\/p>\n<p>[\/et_pb_text][\/et_pb_column][et_pb_column type=&#8220;1_4&#8243;][\/et_pb_column][\/et_pb_row][\/et_pb_section]<\/p>\n","protected":false},"excerpt":{"rendered":"<p>[et_pb_section bb_built=&#8220;1&#8243; admin_label=&#8220;section&#8220; transparent_background=&#8220;off&#8220; background_color=&#8220;#000000&#8243; allow_player_pause=&#8220;off&#8220; inner_shadow=&#8220;off&#8220; parallax=&#8220;on&#8220; parallax_method=&#8220;off&#8220; padding_mobile=&#8220;off&#8220; make_fullwidth=&#8220;off&#8220; use_custom_width=&#8220;off&#8220; width_unit=&#8220;on&#8220; make_equal=&#8220;off&#8220; use_custom_gutter=&#8220;off&#8220; background_image=&#8220;\/wp-content\/themes\/di-musik\/demobilder\/Fotolia_16663884_M2.jpg&#8220; custom_padding_tablet=&#8220;50px|0|50px|0&#8243; custom_padding_last_edited=&#8220;on|desktop&#8220;][et_pb_row custom_padding=&#8220;|||&#8220; custom_padding_tablet=&#8220;|||&#8220; custom_padding_phone=&#8220;|||&#8220; background_position=&#8220;top_left&#8220; background_repeat=&#8220;repeat&#8220; background_size=&#8220;initial&#8220;][et_pb_column type=&#8220;1_4&#8243;][et_pb_blurb _builder_version=&#8220;3.0.78&#8243; use_icon=&#8220;off&#8220; url_new_window=&#8220;off&#8220; use_circle=&#8220;off&#8220; use_circle_border=&#8220;off&#8220; icon_placement=&#8220;top&#8220; use_icon_font_size=&#8220;off&#8220; background_layout=&#8220;light&#8220; border_style=&#8220;solid&#8220;] &nbsp; &nbsp; &nbsp; [\/et_pb_blurb][et_pb_blurb _builder_version=&#8220;3.0.78&#8243; use_icon=&#8220;on&#8220; font_icon=&#8220;%%265%%&#8220; url_new_window=&#8220;on&#8220; title=&#8220;Download Info&#8220; use_circle=&#8220;off&#8220; use_circle_border=&#8220;off&#8220; icon_placement=&#8220;top&#8220; use_icon_font_size=&#8220;on&#8220; background_layout=&#8220;light&#8220; border_style=&#8220;solid&#8220; icon_font_size=&#8220;35px&#8220; url=&#8220;http:\/\/overback.eu\/wp-content\/uploads\/2017\/10\/Info.pdf&#8220; header_text_color=&#8220;#5b5b5b&#8220; header_text_align=&#8220;center&#8220; \/][\/et_pb_column][et_pb_column [&hellip;]<\/p>\n","protected":false},"author":1,"featured_media":0,"parent":0,"menu_order":0,"comment_status":"closed","ping_status":"closed","template":"","meta":[],"_links":{"self":[{"href":"http:\/\/www.overback.eu\/index.php?rest_route=\/wp\/v2\/pages\/667"}],"collection":[{"href":"http:\/\/www.overback.eu\/index.php?rest_route=\/wp\/v2\/pages"}],"about":[{"href":"http:\/\/www.overback.eu\/index.php?rest_route=\/wp\/v2\/types\/page"}],"author":[{"embeddable":true,"href":"http:\/\/www.overback.eu\/index.php?rest_route=\/wp\/v2\/users\/1"}],"replies":[{"embeddable":true,"href":"http:\/\/www.overback.eu\/index.php?rest_route=%2Fwp%2Fv2%2Fcomments&post=667"}],"version-history":[{"count":13,"href":"http:\/\/www.overback.eu\/index.php?rest_route=\/wp\/v2\/pages\/667\/revisions"}],"predecessor-version":[{"id":775,"href":"http:\/\/www.overback.eu\/index.php?rest_route=\/wp\/v2\/pages\/667\/revisions\/775"}],"wp:attachment":[{"href":"http:\/\/www.overback.eu\/index.php?rest_route=%2Fwp%2Fv2%2Fmedia&parent=667"}],"curies":[{"name":"wp","href":"https:\/\/api.w.org\/{rel}","templated":true}]}}