{"id":648,"date":"2017-10-17T14:28:38","date_gmt":"2017-10-17T14:28:38","guid":{"rendered":"http:\/\/test.overback.eu\/?page_id=648"},"modified":"2020-03-02T17:02:44","modified_gmt":"2020-03-02T17:02:44","slug":"history","status":"publish","type":"page","link":"http:\/\/www.overback.eu\/?page_id=648","title":{"rendered":"History"},"content":{"rendered":"<p>[et_pb_section bb_built=&#8220;1&#8243; admin_label=&#8220;section&#8220; transparent_background=&#8220;off&#8220; background_color=&#8220;#000000&#8243; parallax=&#8220;on&#8220; parallax_method=&#8220;off&#8220; background_image=&#8220;\/wp-content\/themes\/di-musik\/demobilder\/Fotolia_16663884_M2.jpg&#8220; custom_padding_tablet=&#8220;50px|0|50px|0&#8243; custom_padding_last_edited=&#8220;on|desktop&#8220; _builder_version=&#8220;3.0.78&#8243;][et_pb_row custom_padding=&#8220;|||&#8220; custom_padding_tablet=&#8220;|||&#8220; custom_padding_phone=&#8220;|||&#8220; background_position=&#8220;top_left&#8220; background_repeat=&#8220;repeat&#8220; background_size=&#8220;initial&#8220;][et_pb_column type=&#8220;1_4&#8243;][\/et_pb_column][et_pb_column type=&#8220;1_2&#8243;][et_pb_post_title title=&#8220;on&#8220; meta=&#8220;off&#8220; author=&#8220;on&#8220; date=&#8220;on&#8220; categories=&#8220;on&#8220; comments=&#8220;on&#8220; featured_image=&#8220;off&#8220; featured_placement=&#8220;below&#8220; parallax_effect=&#8220;on&#8220; parallax_method=&#8220;off&#8220; text_orientation=&#8220;center&#8220; text_color=&#8220;light&#8220; text_background=&#8220;off&#8220; text_bg_color=&#8220;rgba(255,255,255,0.9)&#8220; module_bg_color=&#8220;rgba(255,255,255,0)&#8220; title_all_caps=&#8220;off&#8220; use_border_color=&#8220;off&#8220; border_color=&#8220;#ffffff&#8220; border_style=&#8220;solid&#8220; title_font_size=&#8220;40px&#8220; background_color=&#8220;rgba(255,255,255,0)&#8220; parallax=&#8220;on&#8220; _builder_version=&#8220;3.0.78&#8243; \/][et_pb_divider color=&#8220;#ffffff&#8220; show_divider=&#8220;on&#8220; divider_style=&#8220;solid&#8220; divider_position=&#8220;top&#8220; hide_on_mobile=&#8220;on&#8220; disabled_on=&#8220;on|on|off&#8220; \/][et_pb_text background_layout=&#8220;light&#8220; text_orientation=&#8220;center&#8220; text_font_size=&#8220;16&#8243; text_text_color=&#8220;#ffffff&#8220; border_style=&#8220;solid&#8220; background_color=&#8220;rgba(0,0,0,0.8)&#8220; custom_padding=&#8220;20px|20px|20px|20px&#8220; _builder_version=&#8220;3.0.78&#8243; module_alignment=&#8220;center&#8220;]<\/p>\n<p>&nbsp;<\/p>\n<p><strong>aus Overback-Bluesband wird Overback<\/strong><\/p>\n<p><strong>\u2026eigentlich sollte es nur ein einmaliges Benefizkonzert sein, zu dem sich \u201eTommes &amp; Friends\u201c im M\u00e4rz 2007 in der \u201eDenkerschmette\u201c in Remscheid verabredet hatten. \u201eTommes &amp; Friends\u201c spielten zuletzt 1986. Die Band damals: Thomas Verbeck (p, voc), Michael Jonek (g), Roy \u201ethe Boy\u201c Herrington (g, voc, dr). Danach gingen alle ihre eigenen musikalischen Wege; das Motto blieb: keep on living the blues.<\/strong><\/p>\n<p><strong>Nach 20 Jahren kamen Tommes und Michael wieder zusammen mit der Idee f\u00fcr ein neues Bluesprojekt. Nur Roy fehlte in dem altbew\u00e4hrten Trio.<\/strong><\/p>\n<p><strong>Michael holte Geddi Klein (g, h, voc), Tommes begeisterte seinen alten Kollegen und Freund Udo Wehr (b), der brachte seinen Drummer Ernst Urban (dr) mit.<\/strong><\/p>\n<p><strong>Ein paar Telefonate, E-Mails, eine Demo-CD, eine gemeinsame Probe und dann gab\u00b4s im M\u00e4rz 2007 als einmaligen Live-Act ein dynamisches Zwei-Stunden-Blues-Konzert mit etlichen Zugaben vor begeistertem Publikum.<\/strong><\/p>\n<p><strong>Die \u201eOverback-Blues-Band\u201c war geboren. Jeder brachte seine \u201efavourites\u201c ein, und es entstand ein Programm aus eigenen Interpretationen von Blues-Standards und zunehmend von Coverversionen nicht oft gespielter Interpreten wie Cream, Peter Green, Eric Clapton, Jimi Hendrix, Johnny Winter, Gary Moore, Bad Company u.a. \u2013 die Musik der \u201eOverback-Blues-Band\u201c verschmolz zu einem gelungenen Mix aus Blues, Rock und leisen T\u00f6nen.<\/strong><\/p>\n<p><strong>Als Geddi 2014\u00a0die Band verlie\u00df, stie\u00df mit Armin Krull ein versierter Gitarrist zur Band, der nicht nur durch sein Gitarrenspiel die Band bereicherte, sondern dessen markante Stimme neue Impulse brachte.<\/strong><\/p>\n<p><strong>2015 kam dann die schreckliche Nachricht: Thomas ist ernsthaft erkrankt. Entsetzen. Gottseidank geht es ihm mittlerweile wieder gut, auch kann er wieder voll in die Tasten greifen. Nun muss er sich aber seine Kr\u00e4fte gut einteilen und er entschloss sich, nicht mehr als Frontmann auf der B\u00fchne zu stehen.<\/strong><\/p>\n<p><strong>Nachdem Geddi ausgestiegen war, realisierte er sein Solprojekt \u201eEcho\u201c mit vielen Gastmusikern, nahm eine CD auf und brachte das aufw\u00e4ndige Projekt auf die B\u00fchne. F\u00fcr eine Tour waren allerdings zu viele Musiker beteiligt und er reduzierte seine Liveaktivit\u00e4ten auf ein akustisches Duo mit der herausragenden S\u00e4ngerin Bea. Seine Liebe zur Rockmusik lie\u00df ihm aber keine Ruhe. Nachdem die anderen Overback-Musiker zun\u00e4chst alle Auftritte abgesagt hatten, stie\u00dfen Ernst, Michael und Udo dazu. Man spielte die durcharrangierten Rockst\u00fccke des alten bew\u00e4hrten Programms und es kamen viele neue interessante dazu. Aus Overback-Bluesband wurde Overback.<\/strong><\/p>\n<p>&nbsp;<\/p>\n<p>[\/et_pb_text][et_pb_blurb _builder_version=&#8220;3.0.78&#8243; use_icon=&#8220;off&#8220; url_new_window=&#8220;off&#8220; use_circle=&#8220;off&#8220; use_circle_border=&#8220;off&#8220; icon_placement=&#8220;top&#8220; use_icon_font_size=&#8220;off&#8220; background_layout=&#8220;light&#8220; border_style=&#8220;solid&#8220; body_text_color=&#8220;#ffffff&#8220; background_color=&#8220;rgba(0,0,0,0.53)&#8220;]<\/p>\n<p>&nbsp;<\/p>\n<p><strong>Appearing on stage:<\/strong><\/p>\n<p><strong>2008:<\/strong><\/p>\n<p><strong>\u201eGasthaus Schaaf\u201d\u00a0Solingen<\/strong><\/p>\n<p><strong>\u201eSch\u00fctzenheim\u201c Ennepetal<\/strong><\/p>\n<ol>\n<li><strong>Live-music-tour 2008 \u201eAltes Brauhaus\u201c Wermelskirchen<\/strong><\/li>\n<\/ol>\n<p>&nbsp;<\/p>\n<p><strong>2009:<\/strong><\/p>\n<p><strong>09.01. \u201eGasthaus Schaaf\u201d Solingen,<\/strong><\/p>\n<p><strong>11.02. \u201eKattwinkelsche Fabrik\u201c Wermelskirchen,<\/strong><\/p>\n<p><strong>18.03. \u201eB\u00fcrgerhaus Kalk\u201c K\u00f6ln,<\/strong><\/p>\n<p><strong>30.04. \u201eAltes Brauhaus\u201c Wermelskirchen,<\/strong><\/p>\n<p><strong>01.05. bluesforum &#8211; das festival Leverkusen,<\/strong><\/p>\n<p><strong>12.05. \u201eTopos\u201c\u00a0Leverkusen,<\/strong><\/p>\n<p><strong>03.09. \u201eMonheimer Hof\u201c K\u00f6ln,<\/strong><\/p>\n<p><strong>02.10. \u201eGasthaus Schaaf\u201d Solingen,<\/strong><\/p>\n<p><strong>10.10. \u201eDenkerschmette\u201c\u00a0Remscheid,<\/strong><\/p>\n<p><strong>07.11. \u201eAltes Brauhaus\u201c\u00a0Wermelskirchen<\/strong><\/p>\n<p><strong>04.12. \u201eKattwinkelsche Fabrik\u201c\u00a0Wermelskirchen<\/strong><\/p>\n<p><strong>12.12. \u201eHaus Abels\u201c\u00a0K\u00f6ln-Dellbr\u00fcck<\/strong><\/p>\n<p>&nbsp;<\/p>\n<p><strong>2010:<\/strong><\/p>\n<p><strong>02.01.\u00a0OVERBACK-UNPLUGGED\u00a0\u201eCD-Shop\u201c\u00a0Schwelm;<\/strong><\/p>\n<p><strong>19.02.\u00a0\u201eGasthaus Schaaf\u201d\u00a0\u00a0\u00a0 Solingen<\/strong><\/p>\n<p><strong>16.04.\u00a0\u201eKulturcaf\u00e9\u201d\u00a0\u00a0 Bochum;<\/strong><\/p>\n<p><strong>06.05.\u00a0\u201eMonheimer Hof\u201c\u00a0\u00a0 K\u00f6ln<\/strong><\/p>\n<p><strong>11.05.\u00a0\u201eTopos\u201c\u00a0\u00a0\u00a0 Leverkusen;<\/strong><\/p>\n<p><strong>14.05.\u00a0OVERBACK-UNPLUGGED\u00a0\u00a0 \u201cPOM\u201d Remscheid<\/strong><\/p>\n<p><strong>29.05.\u00a0\u201ePOM\u201d\u00a0Remscheid\u00a0\u00a0 \u201eBenefiz f\u00fcr Haiti\u201d<\/strong><\/p>\n<p><strong>04.06.\u00a0\u201eMehrzweckhalle\u201c\u00a0\u00a0 H\u00fcckeswagen\u00a0\u00a0 Grobschnitt-Vorkonzert<\/strong><\/p>\n<p><strong>25.06.\u00a0\u201eHard-Rock-Caf\u00e9\u201d\u00a0K\u00f6ln;<\/strong><\/p>\n<p><strong>04.09.\u00a0OVERBACK-UNPLUGGED\u00a0\u201eAlte Post\u201c\u00a0\u00a0 Witten<\/strong><\/p>\n<p><strong>11.09. Tag der offenen Fabrik\u00a0\u00a0 Remscheid\u00a0\u00a0\u00a0 Privatveranstaltung<\/strong><\/p>\n<p><strong>02.10. \u201eAm Alten Markt\u201c Velbert-Langenberg;<\/strong><\/p>\n<p><strong>09.10. \u201eGrend\u201d\u00a0Essen<\/strong><\/p>\n<p><strong>21.11. \u201eKatzenbusch\u201c\u00a0\u00a0 Herten<\/strong><\/p>\n<p>&nbsp;<\/p>\n<p><strong>2011:<\/strong><\/p>\n<p><strong>15.01. \u201eHapa Haole\u201c\u00a0Witten<\/strong><\/p>\n<p><strong>12.02. OVERBACK-UNPLUGGED\u00a0\u00a0 \u201eKlapsm\u00fchle\u201c\u00a0\u00a0\u00a0 Castrop-Rauxel<\/strong><\/p>\n<p><strong>05.03. \u201eAm Alten Markt\u201c\u00a0\u00a0 Velbert-Langenberg<\/strong><\/p>\n<p><strong>09.03. \u201eKattwinkelsche Fabrik\u201c\u00a0Wermelskirchen<\/strong><\/p>\n<p><strong>24.09. \u201eAlte Post\u201c\u00a0\u00a0 Witten<\/strong><\/p>\n<p><strong>01.10. \u201eKlapsm\u00fchle\u201c\u00a0\u00a0 Castrop-Rauxel<\/strong><\/p>\n<p><strong>21.10. OVERBACK-UNPLUGGED\u00a0feat. Birte Schuler (Cello)<\/strong><\/p>\n<p><strong>\u201eEv. Gemeindehaus\u201c RS-Lennep Benefit<\/strong><\/p>\n<p><strong>04.11. \u201eKulturcaf\u00e9\u201c\u00a0\u00a0 Bochum<\/strong><\/p>\n<p><strong>03.12. OVERBACK-UNPLUGGED\u00a0feat. Birte Schuler (Cello)<\/strong><\/p>\n<p><strong>Muddy Water\u00a0Bluesnight \u201eKattwinkelsche Fabrik\u201c, Wermelskirchen<\/strong><\/p>\n<p><strong>09.12. \u201eKatzenbusch\u201c\u00a0\u00a0 Herten<\/strong><\/p>\n<p>&nbsp;<\/p>\n<p>&nbsp;<\/p>\n<p><strong>2012:<\/strong><\/p>\n<p><strong>18.02. \u201eAm Alten Markt\u201c\u00a0\u00a0 Velbert-Langenberg<\/strong><\/p>\n<p><strong>03.03. \u201eJake\u00b4s\u201c\u00a0\u00a0 Velbert<\/strong><\/p>\n<p><strong>10.03. \u201eTante Alma\u201c\u00a0\u00a0 Herdecke<\/strong><\/p>\n<p><strong>12.05. OVERBACK-UNPLUGGED feat. Birte Schuler (Cello)\u00a0\u201eGrend\u201c\u00a0Essen<\/strong><\/p>\n<p><strong>14.09. \u201eKatzenbusch\u201c\u00a0\u00a0 Herten<\/strong><\/p>\n<p><strong>05.10. OVERBACK-UNPLUGGED\u00a0feat. Birte Schuler (Cello)\u00a0\u00a0 \u201eEv. Gemeindehaus\u201c RS-Lennep Benefit<\/strong><\/p>\n<p><strong>04.12.\u00a0\u201eJVA Schwerte\u201c\u00a0\u00a0 Schwerte<\/strong><\/p>\n<p>&nbsp;<\/p>\n<p><strong>2013<\/strong><\/p>\n<p><strong>08.02. \u201eMaschinchen Buntes\u201c\u00a0\u00a0 Witten<\/strong><\/p>\n<p><strong>01.03. \u201eRed Rooster Club\u201c\u00a0\u00a0 Duisburg<\/strong><\/p>\n<p><strong>02.03. \u201eAlter Markt\u201c\u00a0\u00a0 Velbert-Langenberg<\/strong><\/p>\n<p><strong>12.04. \u201eKatzenbusch\u201c\u00a0\u00a0 Herten<\/strong><\/p>\n<p><strong>25.05. \u201eZur Alten Schiffsbr\u00fccke\u201c\u00a0\u00a0 K\u00f6ln<\/strong><\/p>\n<p><strong>20.09. \u201eCulture Club Barmen\u201c\u00a0\u00a0 Wuppertal<\/strong><\/p>\n<p><strong>28.09. \u201eGottfried von Eilpe\u201c\u00a0\u00a0 Hagen<\/strong><\/p>\n<p><strong>08.11. \u201eMaschinchen Buntes\u201c\u00a0\u00a0 Witten<\/strong><\/p>\n<p>&nbsp;<\/p>\n<p><strong>2014<\/strong><\/p>\n<p><strong>18.01. Hertener Blues &amp; Rock Benefiz\u00a0\u00a0 Herten<\/strong><\/p>\n<p><strong>14.03. \u201eKatzenbusch\u201c\u00a0\u00a0 Herten<\/strong><\/p>\n<p><strong>21.03. \u201eCulture Club Barmen\u201c\u00a0\u00a0 Wuppertal<\/strong><\/p>\n<p><strong>31.05. \u201eAllee-St\u00fcbchen\u201c\u00a0\u00a0 Wuppertal<\/strong><\/p>\n<p><strong>16.08. Privatveranstaltung\u00a0\u00a0 Wermelskirchen<\/strong><\/p>\n<p>&nbsp;<\/p>\n<p><strong>2015<\/strong><\/p>\n<p><strong>09.01. \u201eMaschinchen Buntes\u201c\u00a0\u00a0 Witten<\/strong><\/p>\n<p><strong>13.02. \u201eKatzenbusch\u201c\u00a0\u00a0 Herten<\/strong><\/p>\n<p><strong>21.03. \u201cAllee-St\u00fcbchen\u201c\u00a0\u00a0 Wuppertal<\/strong><\/p>\n<p><strong>08.05. \u201eKulturcaf\u00e9\u201c\u00a0\u00a0 Bochum<\/strong><\/p>\n<p><strong>11.09. \u201eSportzentrum\u201c\u00a0\u00a0 Bergheim<\/strong><\/p>\n<p><strong>09.11. \u201eJVA-Remscheid\u201c\u00a0\u00a0 Remscheid<\/strong><\/p>\n<p><strong>11.11. \u201eKattwinkelsche Fabrik\u201c\u00a0\u00a0 Wermelskirchen<\/strong><\/p>\n<p><strong>\u201eEm Silo\u201c\u00a0\u00a0 Pulheim<\/strong><\/p>\n<p><strong>Mitte 2015 bis 2016 wurden alle Konzerte abgesagt.<\/strong><\/p>\n<p>&nbsp;<\/p>\n<p><strong>2017 &#8211; Neustart<\/strong><\/p>\n<p><strong>06.01. Witten, Maschinchen Buntes<\/strong><\/p>\n<p><strong>13.01. Herten, Katzenbusch<\/strong><\/p>\n<p><strong>29.04. filmriss kino Gevelsberg<\/strong><\/p>\n<p><strong>24.05. Haus Eifgen, Eifgen 1, 42929 Wermelskirchen<\/strong><\/p>\n<p><strong>26.05. Gevelsberg, B\u00fchne Neustra\u00dfe, Open Air<\/strong><\/p>\n<p><strong>19.08.Gevelsberg, Filmriss<\/strong><\/p>\n<p><strong>08.09. Wermelskirchen, Eifgen<\/strong><\/p>\n<p><strong>14.10. Gevelsberg, B\u00fcrgerhaus Alte Johanniskirche<\/strong><\/p>\n<p>&nbsp;<\/p>\n<p>&nbsp;<\/p>\n<p>[\/et_pb_blurb][\/et_pb_column][et_pb_column type=&#8220;1_4&#8243;][\/et_pb_column][\/et_pb_row][\/et_pb_section]<\/p>\n","protected":false},"excerpt":{"rendered":"<p>[et_pb_section bb_built=&#8220;1&#8243; admin_label=&#8220;section&#8220; transparent_background=&#8220;off&#8220; background_color=&#8220;#000000&#8243; parallax=&#8220;on&#8220; parallax_method=&#8220;off&#8220; background_image=&#8220;\/wp-content\/themes\/di-musik\/demobilder\/Fotolia_16663884_M2.jpg&#8220; custom_padding_tablet=&#8220;50px|0|50px|0&#8243; custom_padding_last_edited=&#8220;on|desktop&#8220; _builder_version=&#8220;3.0.78&#8243;][et_pb_row custom_padding=&#8220;|||&#8220; custom_padding_tablet=&#8220;|||&#8220; custom_padding_phone=&#8220;|||&#8220; background_position=&#8220;top_left&#8220; background_repeat=&#8220;repeat&#8220; background_size=&#8220;initial&#8220;][et_pb_column type=&#8220;1_4&#8243;][\/et_pb_column][et_pb_column type=&#8220;1_2&#8243;][et_pb_post_title title=&#8220;on&#8220; meta=&#8220;off&#8220; author=&#8220;on&#8220; date=&#8220;on&#8220; categories=&#8220;on&#8220; comments=&#8220;on&#8220; featured_image=&#8220;off&#8220; featured_placement=&#8220;below&#8220; parallax_effect=&#8220;on&#8220; parallax_method=&#8220;off&#8220; text_orientation=&#8220;center&#8220; text_color=&#8220;light&#8220; text_background=&#8220;off&#8220; text_bg_color=&#8220;rgba(255,255,255,0.9)&#8220; module_bg_color=&#8220;rgba(255,255,255,0)&#8220; title_all_caps=&#8220;off&#8220; use_border_color=&#8220;off&#8220; border_color=&#8220;#ffffff&#8220; border_style=&#8220;solid&#8220; title_font_size=&#8220;40px&#8220; background_color=&#8220;rgba(255,255,255,0)&#8220; parallax=&#8220;on&#8220; _builder_version=&#8220;3.0.78&#8243; \/][et_pb_divider color=&#8220;#ffffff&#8220; show_divider=&#8220;on&#8220; divider_style=&#8220;solid&#8220; divider_position=&#8220;top&#8220; hide_on_mobile=&#8220;on&#8220; disabled_on=&#8220;on|on|off&#8220; \/][et_pb_text background_layout=&#8220;light&#8220; text_orientation=&#8220;center&#8220; text_font_size=&#8220;16&#8243; text_text_color=&#8220;#ffffff&#8220; border_style=&#8220;solid&#8220; [&hellip;]<\/p>\n","protected":false},"author":1,"featured_media":0,"parent":0,"menu_order":0,"comment_status":"closed","ping_status":"closed","template":"","meta":[],"_links":{"self":[{"href":"http:\/\/www.overback.eu\/index.php?rest_route=\/wp\/v2\/pages\/648"}],"collection":[{"href":"http:\/\/www.overback.eu\/index.php?rest_route=\/wp\/v2\/pages"}],"about":[{"href":"http:\/\/www.overback.eu\/index.php?rest_route=\/wp\/v2\/types\/page"}],"author":[{"embeddable":true,"href":"http:\/\/www.overback.eu\/index.php?rest_route=\/wp\/v2\/users\/1"}],"replies":[{"embeddable":true,"href":"http:\/\/www.overback.eu\/index.php?rest_route=%2Fwp%2Fv2%2Fcomments&post=648"}],"version-history":[{"count":11,"href":"http:\/\/www.overback.eu\/index.php?rest_route=\/wp\/v2\/pages\/648\/revisions"}],"predecessor-version":[{"id":853,"href":"http:\/\/www.overback.eu\/index.php?rest_route=\/wp\/v2\/pages\/648\/revisions\/853"}],"wp:attachment":[{"href":"http:\/\/www.overback.eu\/index.php?rest_route=%2Fwp%2Fv2%2Fmedia&parent=648"}],"curies":[{"name":"wp","href":"https:\/\/api.w.org\/{rel}","templated":true}]}}